{"id":76,"date":"2025-04-19T07:48:47","date_gmt":"2025-04-19T07:48:47","guid":{"rendered":"https:\/\/siameses.es\/?page_id=76"},"modified":"2025-11-08T14:20:48","modified_gmt":"2025-11-08T14:20:48","slug":"presskit","status":"publish","type":"page","link":"https:\/\/siameses.es\/index.php\/presskit\/","title":{"rendered":"Presskit"},"content":{"rendered":"\n<div class=\"wp-block-columns is-layout-flex wp-container-core-columns-is-layout-9d6595d7 wp-block-columns-is-layout-flex\">\n<div class=\"wp-block-column is-layout-flow wp-block-column-is-layout-flow\">\n<div class=\"wp-block-columns is-layout-flex wp-container-core-columns-is-layout-9d6595d7 wp-block-columns-is-layout-flex\">\n<div class=\"wp-block-column is-layout-flow wp-block-column-is-layout-flow\">\n<p>Pulsando en el siguiente bot\u00f3n puede descargar todos los materiales mostrados en esta p\u00e1gina en alta calidad<\/p>\n\n\n\n<div class=\"wp-block-buttons is-layout-flex wp-block-buttons-is-layout-flex\">\n<div class=\"wp-block-button\"><a class=\"wp-block-button__link wp-element-button\" href=\"https:\/\/drive.google.com\/drive\/folders\/1R94uoH_yPnFEmhhf1ur2h5o08jBNomR0?usp=sharing\">DESCARGAR FOTOS, rIDER, VIDEOS, PRESSKIT&#8230;<\/a><\/div>\n<\/div>\n<\/div>\n<\/div>\n<\/div>\n<\/div>\n\n\n\n<h2 class=\"wp-block-heading\">Hoja de promo y otros.<\/h2>\n\n\n\n<div class=\"wp-block-columns is-layout-flex wp-container-core-columns-is-layout-9d6595d7 wp-block-columns-is-layout-flex\">\n<div class=\"wp-block-column is-layout-flow wp-block-column-is-layout-flow\">\n<div data-wp-interactive=\"core\/file\" class=\"wp-block-file\"><object data-wp-bind--hidden=\"!state.hasPdfPreview\" hidden class=\"wp-block-file__embed\" data=\"https:\/\/siameses.es\/wp-content\/uploads\/2025\/11\/Hoja-Promo-Siameses-V2.pdf\" type=\"application\/pdf\" style=\"width:100%;height:260px\" aria-label=\"Incrustado de Hoja Promo Siameses V2.\"><\/object><a id=\"wp-block-file--media-5198a405-aeb8-4d85-b81a-497f1f14afd9\" href=\"https:\/\/siameses.es\/wp-content\/uploads\/2025\/11\/Hoja-Promo-Siameses-V2.pdf\">Hoja Promo Siameses V2<\/a><a href=\"https:\/\/siameses.es\/wp-content\/uploads\/2025\/11\/Hoja-Promo-Siameses-V2.pdf\" class=\"wp-block-file__button wp-element-button\" download aria-describedby=\"wp-block-file--media-5198a405-aeb8-4d85-b81a-497f1f14afd9\">Descarga<\/a><\/div>\n<\/div>\n\n\n\n<div class=\"wp-block-column is-layout-flow wp-block-column-is-layout-flow\">\n<div data-wp-interactive=\"core\/file\" class=\"wp-block-file\"><object data-wp-bind--hidden=\"!state.hasPdfPreview\" hidden class=\"wp-block-file__embed\" data=\"https:\/\/siameses.es\/wp-content\/uploads\/2025\/05\/NOTA-DE-PRENSA-Lo-Nuestro-Siameses.pdf\" type=\"application\/pdf\" style=\"width:100%;height:250px\" aria-label=\"Incrustado de Nota Prensa -Disco -Lo Nuestro .\"><\/object><a id=\"wp-block-file--media-f38ce61a-e097-4858-a6e6-57413933abeb\" href=\"https:\/\/siameses.es\/wp-content\/uploads\/2025\/05\/NOTA-DE-PRENSA-Lo-Nuestro-Siameses.pdf\">Nota Prensa -Disco -Lo Nuestro <\/a><a href=\"https:\/\/siameses.es\/wp-content\/uploads\/2025\/05\/NOTA-DE-PRENSA-Lo-Nuestro-Siameses.pdf\" class=\"wp-block-file__button wp-element-button\" download aria-describedby=\"wp-block-file--media-f38ce61a-e097-4858-a6e6-57413933abeb\">Descarga<\/a><\/div>\n<\/div>\n\n\n\n<div class=\"wp-block-column is-layout-flow wp-block-column-is-layout-flow\">\n<div data-wp-interactive=\"core\/file\" class=\"wp-block-file\"><object data-wp-bind--hidden=\"!state.hasPdfPreview\" hidden class=\"wp-block-file__embed\" data=\"https:\/\/siameses.es\/wp-content\/uploads\/2025\/03\/DOSSIERGRUPONOV.pdf\" type=\"application\/pdf\" style=\"width:100%;height:250px\" aria-label=\"Incrustado de Dossier-Siameses.\"><\/object><a id=\"wp-block-file--media-6dc700dc-18ae-4721-91f2-5e07113afb35\" href=\"https:\/\/siameses.es\/wp-content\/uploads\/2025\/03\/DOSSIERGRUPONOV.pdf\">Dossier-Siameses<\/a><a href=\"https:\/\/siameses.es\/wp-content\/uploads\/2025\/03\/DOSSIERGRUPONOV.pdf\" class=\"wp-block-file__button wp-element-button\" download aria-describedby=\"wp-block-file--media-6dc700dc-18ae-4721-91f2-5e07113afb35\">Descarga<\/a><\/div>\n<\/div>\n<\/div>\n\n\n\n<h2 class=\"wp-block-heading\">Fotograf\u00edas (baja calidad)<\/h2>\n\n\n\n<div class=\"wp-block-buttons is-layout-flex wp-block-buttons-is-layout-flex\"><\/div>\n\n\n\n<div class=\"wp-block-columns is-layout-flex wp-container-core-columns-is-layout-9d6595d7 wp-block-columns-is-layout-flex\">\n<div class=\"wp-block-column is-layout-flow wp-block-column-is-layout-flow\">\n<figure class=\"wp-block-image size-large\"><img loading=\"lazy\" decoding=\"async\" width=\"1024\" height=\"683\" src=\"https:\/\/siameses.es\/wp-content\/uploads\/2025\/11\/SIAMESES-10-1-1024x683.jpg\" alt=\"\" class=\"wp-image-205\" srcset=\"https:\/\/siameses.es\/wp-content\/uploads\/2025\/11\/SIAMESES-10-1-1024x683.jpg 1024w, https:\/\/siameses.es\/wp-content\/uploads\/2025\/11\/SIAMESES-10-1-300x200.jpg 300w, https:\/\/siameses.es\/wp-content\/uploads\/2025\/11\/SIAMESES-10-1-768x512.jpg 768w, https:\/\/siameses.es\/wp-content\/uploads\/2025\/11\/SIAMESES-10-1-1536x1024.jpg 1536w, https:\/\/siameses.es\/wp-content\/uploads\/2025\/11\/SIAMESES-10-1-2048x1365.jpg 2048w\" sizes=\"auto, (max-width: 1024px) 100vw, 1024px\" \/><\/figure>\n<\/div>\n\n\n\n<div class=\"wp-block-column is-layout-flow wp-block-column-is-layout-flow\">\n<figure class=\"wp-block-image size-large\"><img loading=\"lazy\" decoding=\"async\" width=\"1024\" height=\"683\" src=\"https:\/\/siameses.es\/wp-content\/uploads\/2025\/11\/SIAMESES-08-1024x683.jpg\" alt=\"\" class=\"wp-image-190\" srcset=\"https:\/\/siameses.es\/wp-content\/uploads\/2025\/11\/SIAMESES-08-1024x683.jpg 1024w, https:\/\/siameses.es\/wp-content\/uploads\/2025\/11\/SIAMESES-08-300x200.jpg 300w, https:\/\/siameses.es\/wp-content\/uploads\/2025\/11\/SIAMESES-08-768x512.jpg 768w, https:\/\/siameses.es\/wp-content\/uploads\/2025\/11\/SIAMESES-08-1536x1024.jpg 1536w, https:\/\/siameses.es\/wp-content\/uploads\/2025\/11\/SIAMESES-08-2048x1365.jpg 2048w\" sizes=\"auto, (max-width: 1024px) 100vw, 1024px\" \/><\/figure>\n<\/div>\n\n\n\n<div class=\"wp-block-column is-layout-flow wp-block-column-is-layout-flow\">\n<figure class=\"wp-block-image size-large is-resized\"><img loading=\"lazy\" decoding=\"async\" width=\"1024\" height=\"801\" src=\"https:\/\/siameses.es\/wp-content\/uploads\/2025\/11\/SIAMESES-02-1024x801.jpg\" alt=\"\" class=\"wp-image-183\" style=\"width:257px;height:auto\" srcset=\"https:\/\/siameses.es\/wp-content\/uploads\/2025\/11\/SIAMESES-02-1024x801.jpg 1024w, https:\/\/siameses.es\/wp-content\/uploads\/2025\/11\/SIAMESES-02-300x235.jpg 300w, https:\/\/siameses.es\/wp-content\/uploads\/2025\/11\/SIAMESES-02-768x601.jpg 768w, https:\/\/siameses.es\/wp-content\/uploads\/2025\/11\/SIAMESES-02-1536x1202.jpg 1536w, https:\/\/siameses.es\/wp-content\/uploads\/2025\/11\/SIAMESES-02-2048x1603.jpg 2048w\" sizes=\"auto, (max-width: 1024px) 100vw, 1024px\" \/><\/figure>\n<\/div>\n<\/div>\n\n\n\n<div class=\"wp-block-columns is-layout-flex wp-container-core-columns-is-layout-9d6595d7 wp-block-columns-is-layout-flex\">\n<div class=\"wp-block-column is-layout-flow wp-block-column-is-layout-flow\">\n<figure class=\"wp-block-image size-large\"><img loading=\"lazy\" decoding=\"async\" width=\"683\" height=\"1024\" src=\"https:\/\/siameses.es\/wp-content\/uploads\/2025\/11\/SIAMESES-09-683x1024.jpg\" alt=\"\" class=\"wp-image-191\" srcset=\"https:\/\/siameses.es\/wp-content\/uploads\/2025\/11\/SIAMESES-09-683x1024.jpg 683w, https:\/\/siameses.es\/wp-content\/uploads\/2025\/11\/SIAMESES-09-200x300.jpg 200w, https:\/\/siameses.es\/wp-content\/uploads\/2025\/11\/SIAMESES-09-768x1152.jpg 768w, https:\/\/siameses.es\/wp-content\/uploads\/2025\/11\/SIAMESES-09-1024x1536.jpg 1024w, https:\/\/siameses.es\/wp-content\/uploads\/2025\/11\/SIAMESES-09-1365x2048.jpg 1365w, https:\/\/siameses.es\/wp-content\/uploads\/2025\/11\/SIAMESES-09-scaled.jpg 1707w\" sizes=\"auto, (max-width: 683px) 100vw, 683px\" \/><\/figure>\n<\/div>\n\n\n\n<div class=\"wp-block-column is-layout-flow wp-block-column-is-layout-flow\">\n<figure class=\"wp-block-image size-large\"><img loading=\"lazy\" decoding=\"async\" width=\"1024\" height=\"1005\" src=\"https:\/\/siameses.es\/wp-content\/uploads\/2025\/03\/siameses-cuadradaR-1024x1005.jpg\" alt=\"\" class=\"wp-image-7\" srcset=\"https:\/\/siameses.es\/wp-content\/uploads\/2025\/03\/siameses-cuadradaR-1024x1005.jpg 1024w, https:\/\/siameses.es\/wp-content\/uploads\/2025\/03\/siameses-cuadradaR-300x294.jpg 300w, https:\/\/siameses.es\/wp-content\/uploads\/2025\/03\/siameses-cuadradaR-768x754.jpg 768w, https:\/\/siameses.es\/wp-content\/uploads\/2025\/03\/siameses-cuadradaR-1536x1507.jpg 1536w, https:\/\/siameses.es\/wp-content\/uploads\/2025\/03\/siameses-cuadradaR-2048x2009.jpg 2048w, https:\/\/siameses.es\/wp-content\/uploads\/2025\/03\/siameses-cuadradaR-50x50.jpg 50w, https:\/\/siameses.es\/wp-content\/uploads\/2025\/03\/siameses-cuadradaR-80x80.jpg 80w\" sizes=\"auto, (max-width: 1024px) 100vw, 1024px\" \/><\/figure>\n<\/div>\n<\/div>\n\n\n\n<figure class=\"wp-block-image size-large\"><img loading=\"lazy\" decoding=\"async\" width=\"1024\" height=\"667\" src=\"https:\/\/siameses.es\/wp-content\/uploads\/2025\/05\/Photoshoot2-21-1024x667.jpg\" alt=\"\" class=\"wp-image-141\" srcset=\"https:\/\/siameses.es\/wp-content\/uploads\/2025\/05\/Photoshoot2-21-1024x667.jpg 1024w, https:\/\/siameses.es\/wp-content\/uploads\/2025\/05\/Photoshoot2-21-300x195.jpg 300w, https:\/\/siameses.es\/wp-content\/uploads\/2025\/05\/Photoshoot2-21-768x500.jpg 768w, https:\/\/siameses.es\/wp-content\/uploads\/2025\/05\/Photoshoot2-21-1536x1001.jpg 1536w, https:\/\/siameses.es\/wp-content\/uploads\/2025\/05\/Photoshoot2-21-2048x1334.jpg 2048w\" sizes=\"auto, (max-width: 1024px) 100vw, 1024px\" \/><\/figure>\n\n\n\n<h2 class=\"wp-block-heading\">Videoclips.<\/h2>\n\n\n\n<div class=\"wp-block-columns is-layout-flex wp-container-core-columns-is-layout-9d6595d7 wp-block-columns-is-layout-flex\">\n<div class=\"wp-block-column is-layout-flow wp-block-column-is-layout-flow\"><\/div>\n\n\n\n<div class=\"wp-block-column is-layout-flow wp-block-column-is-layout-flow\"><\/div>\n<\/div>\n\n\n\n<div class=\"wp-block-columns is-layout-flex wp-container-core-columns-is-layout-9d6595d7 wp-block-columns-is-layout-flex\">\n<div class=\"wp-block-column is-layout-flow wp-block-column-is-layout-flow\">\n<figure class=\"wp-block-embed is-type-video is-provider-youtube wp-block-embed-youtube wp-embed-aspect-16-9 wp-has-aspect-ratio\"><div class=\"wp-block-embed__wrapper\">\n<iframe loading=\"lazy\" title=\"VEINTE20 - SIAMESES - VIDEOCLIP OFICIAL\" width=\"920\" height=\"518\" src=\"https:\/\/www.youtube.com\/embed\/FLE6iazYRy4?feature=oembed\" frameborder=\"0\" allow=\"accelerometer; autoplay; clipboard-write; encrypted-media; gyroscope; picture-in-picture; web-share\" referrerpolicy=\"strict-origin-when-cross-origin\" allowfullscreen><\/iframe>\n<\/div><\/figure>\n<\/div>\n\n\n\n<div class=\"wp-block-column is-layout-flow wp-block-column-is-layout-flow\">\n<figure class=\"wp-block-embed is-type-video is-provider-youtube wp-block-embed-youtube wp-embed-aspect-16-9 wp-has-aspect-ratio\"><div class=\"wp-block-embed__wrapper\">\n<iframe loading=\"lazy\" title=\"\u00bfQU\u00c9 QUIERES DE M\u00cd? - SIAMESES - VIDEOCLIP OFICIAL\" width=\"920\" height=\"518\" src=\"https:\/\/www.youtube.com\/embed\/zdz8o8Y_qOk?feature=oembed\" frameborder=\"0\" allow=\"accelerometer; autoplay; clipboard-write; encrypted-media; gyroscope; picture-in-picture; web-share\" referrerpolicy=\"strict-origin-when-cross-origin\" allowfullscreen><\/iframe>\n<\/div><\/figure>\n<\/div>\n\n\n\n<div class=\"wp-block-column is-layout-flow wp-block-column-is-layout-flow\">\n<figure class=\"wp-block-embed is-type-video is-provider-youtube wp-block-embed-youtube wp-embed-aspect-16-9 wp-has-aspect-ratio\"><div class=\"wp-block-embed__wrapper\">\n<iframe loading=\"lazy\" title=\"SIAMESES \u00b7 VIDEOLYRIC \u00b7 SABOTAJE EMOCIONAL\" width=\"920\" height=\"518\" src=\"https:\/\/www.youtube.com\/embed\/wMwLw7dUNts?feature=oembed\" frameborder=\"0\" allow=\"accelerometer; autoplay; clipboard-write; encrypted-media; gyroscope; picture-in-picture; web-share\" referrerpolicy=\"strict-origin-when-cross-origin\" allowfullscreen><\/iframe>\n<\/div><\/figure>\n<\/div>\n<\/div>\n\n\n\n<h2 class=\"wp-block-heading\">Mp3 descargables <\/h2>\n\n\n\n<div class=\"wp-block-columns is-layout-flex wp-container-core-columns-is-layout-9d6595d7 wp-block-columns-is-layout-flex\">\n<div class=\"wp-block-column is-layout-flow wp-block-column-is-layout-flow\">\n<figure class=\"wp-block-audio\"><audio controls src=\"https:\/\/siameses.es\/wp-content\/uploads\/2025\/05\/01-SIAMESES-Que-quieres-de-mi.mp3\"><\/audio><\/figure>\n\n\n\n<p>\u00bfQu\u00e9 quieres de mi?<\/p>\n<\/div>\n\n\n\n<div class=\"wp-block-column is-layout-flow wp-block-column-is-layout-flow\">\n<figure class=\"wp-block-audio\"><audio controls src=\"https:\/\/siameses.es\/wp-content\/uploads\/2025\/05\/02-SIAMESES-Lo-Nuestro.mp3\"><\/audio><\/figure>\n\n\n\n<p>Lo nuestro<\/p>\n<\/div>\n<\/div>\n\n\n\n<figure class=\"wp-block-embed is-type-rich is-provider-spotify wp-block-embed-spotify wp-embed-aspect-21-9 wp-has-aspect-ratio\"><div class=\"wp-block-embed__wrapper\">\n<iframe title=\"Spotify Embed: Siameses\" style=\"border-radius: 12px\" width=\"100%\" height=\"352\" frameborder=\"0\" allowfullscreen allow=\"autoplay; clipboard-write; encrypted-media; fullscreen; picture-in-picture\" loading=\"lazy\" src=\"https:\/\/open.spotify.com\/embed\/artist\/0O14zBtCNZgjXP9Qat4s1P?si=TJO1z_OFT_Sy9crxTO-eKQ&#038;utm_source=oembed\"><\/iframe>\n<\/div><\/figure>\n\n\n\n<figure class=\"wp-block-embed is-type-video is-provider-youtube wp-block-embed-youtube wp-embed-aspect-16-9 wp-has-aspect-ratio\"><div class=\"wp-block-embed__wrapper\">\n<iframe loading=\"lazy\" title=\"SIAMESES \u00b7 RESUMEN PRESENTACI\u00d3N LP LO NUESTRO \u00b7 TEATRO CALDER\u00d3N\" width=\"920\" height=\"518\" src=\"https:\/\/www.youtube.com\/embed\/DR0K0-1VRoY?feature=oembed\" frameborder=\"0\" allow=\"accelerometer; autoplay; clipboard-write; encrypted-media; gyroscope; picture-in-picture; web-share\" referrerpolicy=\"strict-origin-when-cross-origin\" allowfullscreen><\/iframe>\n<\/div><\/figure>\n\n\n\n<div class=\"wp-block-columns is-layout-flex wp-container-core-columns-is-layout-9d6595d7 wp-block-columns-is-layout-flex\">\n<div class=\"wp-block-column is-layout-flow wp-block-column-is-layout-flow\"><\/div>\n\n\n\n<div class=\"wp-block-column is-layout-flow wp-block-column-is-layout-flow\"><\/div>\n<\/div>\n\n\n\n<div class=\"wp-block-columns is-layout-flex wp-container-core-columns-is-layout-9d6595d7 wp-block-columns-is-layout-flex\">\n<div class=\"wp-block-column is-layout-flow wp-block-column-is-layout-flow\">\n<figure class=\"wp-block-image size-large\"><img loading=\"lazy\" decoding=\"async\" width=\"1024\" height=\"683\" src=\"https:\/\/siameses.es\/wp-content\/uploads\/2025\/05\/MG_0163-1024x683.jpg\" alt=\"\" class=\"wp-image-138\" srcset=\"https:\/\/siameses.es\/wp-content\/uploads\/2025\/05\/MG_0163-1024x683.jpg 1024w, https:\/\/siameses.es\/wp-content\/uploads\/2025\/05\/MG_0163-300x200.jpg 300w, https:\/\/siameses.es\/wp-content\/uploads\/2025\/05\/MG_0163-768x512.jpg 768w, https:\/\/siameses.es\/wp-content\/uploads\/2025\/05\/MG_0163-1536x1024.jpg 1536w, https:\/\/siameses.es\/wp-content\/uploads\/2025\/05\/MG_0163-2048x1366.jpg 2048w\" sizes=\"auto, (max-width: 1024px) 100vw, 1024px\" \/><\/figure>\n<\/div>\n\n\n\n<div class=\"wp-block-column is-layout-flow wp-block-column-is-layout-flow\">\n<figure class=\"wp-block-image size-large\"><img loading=\"lazy\" decoding=\"async\" width=\"1024\" height=\"683\" src=\"https:\/\/siameses.es\/wp-content\/uploads\/2025\/05\/MG_0162-1024x683.jpg\" alt=\"\" class=\"wp-image-137\" srcset=\"https:\/\/siameses.es\/wp-content\/uploads\/2025\/05\/MG_0162-1024x683.jpg 1024w, https:\/\/siameses.es\/wp-content\/uploads\/2025\/05\/MG_0162-300x200.jpg 300w, https:\/\/siameses.es\/wp-content\/uploads\/2025\/05\/MG_0162-768x512.jpg 768w, https:\/\/siameses.es\/wp-content\/uploads\/2025\/05\/MG_0162-1536x1024.jpg 1536w, https:\/\/siameses.es\/wp-content\/uploads\/2025\/05\/MG_0162-2048x1365.jpg 2048w\" sizes=\"auto, (max-width: 1024px) 100vw, 1024px\" \/><\/figure>\n<\/div>\n\n\n\n<div class=\"wp-block-column is-layout-flow wp-block-column-is-layout-flow\">\n<figure class=\"wp-block-image size-large\"><img loading=\"lazy\" decoding=\"async\" width=\"1024\" height=\"683\" src=\"https:\/\/siameses.es\/wp-content\/uploads\/2025\/05\/MG_0155-1024x683.jpg\" alt=\"\" class=\"wp-image-136\" srcset=\"https:\/\/siameses.es\/wp-content\/uploads\/2025\/05\/MG_0155-1024x683.jpg 1024w, https:\/\/siameses.es\/wp-content\/uploads\/2025\/05\/MG_0155-300x200.jpg 300w, https:\/\/siameses.es\/wp-content\/uploads\/2025\/05\/MG_0155-768x512.jpg 768w, https:\/\/siameses.es\/wp-content\/uploads\/2025\/05\/MG_0155-1536x1024.jpg 1536w, https:\/\/siameses.es\/wp-content\/uploads\/2025\/05\/MG_0155-2048x1365.jpg 2048w\" sizes=\"auto, (max-width: 1024px) 100vw, 1024px\" \/><\/figure>\n<\/div>\n<\/div>\n\n\n\n<h2 class=\"wp-block-heading\">Directo Teatro Calder\u00f3n &#8211; 5 abril 2025<\/h2>\n\n\n\n<figure class=\"wp-block-video\"><video height=\"480\" style=\"aspect-ratio: 854 \/ 480;\" width=\"854\" controls poster=\"https:\/\/siameses.es\/wp-content\/uploads\/2025\/05\/DETIDEMI854-m4v-image.jpg\" src=\"https:\/\/siameses.es\/wp-content\/uploads\/2025\/05\/DETIDEMI854.m4v\"><\/video><\/figure>\n\n\n\n<h2 class=\"wp-block-heading\">Extractos directo en Planta Baja &#8211; Granada &#8211; Nov 2024<\/h2>\n\n\n\n<figure class=\"wp-block-video\"><video height=\"720\" style=\"aspect-ratio: 1270 \/ 720;\" width=\"1270\" controls src=\"https:\/\/siameses.es\/wp-content\/uploads\/2025\/05\/Directoplantabaja.mp4\"><\/video><\/figure>\n","protected":false},"excerpt":{"rendered":"<p>Pulsando en el siguiente bot\u00f3n puede descargar todos los materiales mostrados en esta p\u00e1gina en alta calidad Hoja de promo y otros. Fotograf\u00edas (baja calidad) Videoclips. Mp3 descargables \u00bfQu\u00e9 quieres<\/p>\n<p class=\"more-link\"><a href=\"https:\/\/siameses.es\/index.php\/presskit\/\" class=\"readmore\">Seguir leyendo<svg class=\"icon icon-arrow-right\" aria-hidden=\"true\" role=\"img\"> <use href=\"#icon-arrow-right\" xlink:href=\"#icon-arrow-right\"><\/use> <\/svg><span class=\"screen-reader-text\">Presskit<\/span><\/a><\/p>\n","protected":false},"author":1,"featured_media":0,"parent":0,"menu_order":0,"comment_status":"closed","ping_status":"closed","template":"templates\/full-width-page.php","meta":{"footnotes":""},"class_list":["post-76","page","type-page","status-publish","hentry"],"_links":{"self":[{"href":"https:\/\/siameses.es\/index.php\/wp-json\/wp\/v2\/pages\/76","targetHints":{"allow":["GET"]}}],"collection":[{"href":"https:\/\/siameses.es\/index.php\/wp-json\/wp\/v2\/pages"}],"about":[{"href":"https:\/\/siameses.es\/index.php\/wp-json\/wp\/v2\/types\/page"}],"author":[{"embeddable":true,"href":"https:\/\/siameses.es\/index.php\/wp-json\/wp\/v2\/users\/1"}],"replies":[{"embeddable":true,"href":"https:\/\/siameses.es\/index.php\/wp-json\/wp\/v2\/comments?post=76"}],"version-history":[{"count":23,"href":"https:\/\/siameses.es\/index.php\/wp-json\/wp\/v2\/pages\/76\/revisions"}],"predecessor-version":[{"id":210,"href":"https:\/\/siameses.es\/index.php\/wp-json\/wp\/v2\/pages\/76\/revisions\/210"}],"wp:attachment":[{"href":"https:\/\/siameses.es\/index.php\/wp-json\/wp\/v2\/media?parent=76"}],"curies":[{"name":"wp","href":"https:\/\/api.w.org\/{rel}","templated":true}]}}