{"id":2,"date":"2023-01-25T12:32:10","date_gmt":"2023-01-25T12:32:10","guid":{"rendered":"https:\/\/siameses.es\/?page_id=2"},"modified":"2025-07-07T19:16:26","modified_gmt":"2025-07-07T19:16:26","slug":"sample-page","status":"publish","type":"page","link":"https:\/\/siameses.es\/","title":{"rendered":"Inicio"},"content":{"rendered":"\n<p>P\u00e1gina en construcci\u00f3n:<\/p>\n\n\n\n<blockquote class=\"wp-block-quote is-layout-flow wp-block-quote-is-layout-flow\">\n<p class=\"has-text-align-left\">Pr\u00f3ximos Conciertos:<\/p>\n\n\n\n<p class=\"has-text-align-left\">5 Abril &#8211; Teatro Calder\u00f3n de Motril.<\/p>\n\n\n\n<p class=\"has-text-align-left\">27 Abril &#8211; Lemon Rock &#8211; Granada  <a href=\"https:\/\/entradas.conciertos.club\/events\/siameses-en-lemon-rock-presentacion-de-su-disco-lo-nuestro\">&#8211;&gt;&gt;ENTRADAS&lt;&lt;&#8211;<\/a><\/p>\n\n\n\n<p class=\"has-text-align-left\">1 Mayo &#8211; La Cochera &#8211; La Herradura<\/p>\n\n\n\n<p class=\"has-text-align-left\">7 Junio &#8211; Discos Bora Bora (Showcase) -Granada<\/p>\n\n\n\n<p class=\"has-text-align-left\">Por Definir: M\u00e1laga y Madrid<\/p>\n<\/blockquote>\n\n\n\n<p>&#8230;.Estamos presentando nuestro disco:<\/p>\n\n\n\n<blockquote class=\"wp-block-quote is-layout-flow wp-block-quote-is-layout-flow\">\n<p>Si quieres contratarnos ponte en contacto en antoniosiameses@gmail.com o 655692732<\/p>\n<\/blockquote>\n\n\n\n<p>Enjoy the music!<\/p>\n\n\n\n<figure class=\"wp-block-embed is-type-rich is-provider-spotify wp-block-embed-spotify wp-embed-aspect-21-9 wp-has-aspect-ratio\"><div class=\"wp-block-embed__wrapper\">\n<iframe title=\"Spotify Embed: Siameses\" style=\"border-radius: 12px\" width=\"100%\" height=\"352\" frameborder=\"0\" allowfullscreen allow=\"autoplay; clipboard-write; encrypted-media; fullscreen; picture-in-picture\" loading=\"lazy\" src=\"https:\/\/open.spotify.com\/embed\/artist\/0O14zBtCNZgjXP9Qat4s1P?si=hBt_8FNvTn-yOYO2vZ5fkw&#038;utm_source=oembed\"><\/iframe>\n<\/div><\/figure>\n","protected":false},"excerpt":{"rendered":"<p>P\u00e1gina en construcci\u00f3n: Pr\u00f3ximos Conciertos: 5 Abril &#8211; Teatro Calder\u00f3n de Motril. 27 Abril &#8211; Lemon Rock &#8211; Granada &#8211;&gt;&gt;ENTRADAS&lt;&lt;&#8211; 1 Mayo &#8211; La Cochera &#8211; La Herradura 7 Junio<\/p>\n<p class=\"more-link\"><a href=\"https:\/\/siameses.es\/\" class=\"readmore\">Seguir leyendo<svg class=\"icon icon-arrow-right\" aria-hidden=\"true\" role=\"img\"> <use href=\"#icon-arrow-right\" xlink:href=\"#icon-arrow-right\"><\/use> <\/svg><span class=\"screen-reader-text\">Inicio<\/span><\/a><\/p>\n","protected":false},"author":1,"featured_media":0,"parent":0,"menu_order":0,"comment_status":"closed","ping_status":"closed","template":"templates\/full-width-page.php","meta":{"footnotes":""},"class_list":["post-2","page","type-page","status-publish","hentry"],"_links":{"self":[{"href":"https:\/\/siameses.es\/index.php\/wp-json\/wp\/v2\/pages\/2","targetHints":{"allow":["GET"]}}],"collection":[{"href":"https:\/\/siameses.es\/index.php\/wp-json\/wp\/v2\/pages"}],"about":[{"href":"https:\/\/siameses.es\/index.php\/wp-json\/wp\/v2\/types\/page"}],"author":[{"embeddable":true,"href":"https:\/\/siameses.es\/index.php\/wp-json\/wp\/v2\/users\/1"}],"replies":[{"embeddable":true,"href":"https:\/\/siameses.es\/index.php\/wp-json\/wp\/v2\/comments?post=2"}],"version-history":[{"count":5,"href":"https:\/\/siameses.es\/index.php\/wp-json\/wp\/v2\/pages\/2\/revisions"}],"predecessor-version":[{"id":178,"href":"https:\/\/siameses.es\/index.php\/wp-json\/wp\/v2\/pages\/2\/revisions\/178"}],"wp:attachment":[{"href":"https:\/\/siameses.es\/index.php\/wp-json\/wp\/v2\/media?parent=2"}],"curies":[{"name":"wp","href":"https:\/\/api.w.org\/{rel}","templated":true}]}}