{"id":18,"date":"2025-03-29T12:08:18","date_gmt":"2025-03-29T12:08:18","guid":{"rendered":"https:\/\/siameses.es\/?page_id=18"},"modified":"2025-03-29T14:24:20","modified_gmt":"2025-03-29T14:24:20","slug":"novedades","status":"publish","type":"page","link":"https:\/\/siameses.es\/index.php\/novedades\/","title":{"rendered":"Disco"},"content":{"rendered":"\n<p>P\u00c1GINA EN CONSTRUCCI\u00d3N<\/p>\n\n\n\n<p>Tienes nuestro disco en edici\u00f3n Digipack CD Deluxe 3 cuerpos con contenido exclusivo. Puedes conseguirlo en antoniosiameses@gmail.com<\/p>\n\n\n\n<figure class=\"wp-block-image size-large\"><img loading=\"lazy\" decoding=\"async\" width=\"1024\" height=\"768\" src=\"https:\/\/siameses.es\/wp-content\/uploads\/2025\/03\/WhatsApp-Image-2025-03-28-at-07.31.54-1024x768.jpeg\" alt=\"\" class=\"wp-image-62\" srcset=\"https:\/\/siameses.es\/wp-content\/uploads\/2025\/03\/WhatsApp-Image-2025-03-28-at-07.31.54-1024x768.jpeg 1024w, https:\/\/siameses.es\/wp-content\/uploads\/2025\/03\/WhatsApp-Image-2025-03-28-at-07.31.54-300x225.jpeg 300w, https:\/\/siameses.es\/wp-content\/uploads\/2025\/03\/WhatsApp-Image-2025-03-28-at-07.31.54-768x576.jpeg 768w, https:\/\/siameses.es\/wp-content\/uploads\/2025\/03\/WhatsApp-Image-2025-03-28-at-07.31.54-1536x1152.jpeg 1536w, https:\/\/siameses.es\/wp-content\/uploads\/2025\/03\/WhatsApp-Image-2025-03-28-at-07.31.54-124x93.jpeg 124w, https:\/\/siameses.es\/wp-content\/uploads\/2025\/03\/WhatsApp-Image-2025-03-28-at-07.31.54.jpeg 1600w\" sizes=\"auto, (max-width: 1024px) 100vw, 1024px\" \/><\/figure>\n\n\n\n<div class=\"wp-block-columns is-layout-flex wp-container-core-columns-is-layout-9d6595d7 wp-block-columns-is-layout-flex\">\n<div class=\"wp-block-column is-layout-flow wp-block-column-is-layout-flow\">\n<figure class=\"wp-block-image size-large\"><img loading=\"lazy\" decoding=\"async\" width=\"1024\" height=\"670\" src=\"https:\/\/siameses.es\/wp-content\/uploads\/2025\/03\/WhatsApp-Image-2025-03-28-at-08.11.19-1024x670.jpeg\" alt=\"\" class=\"wp-image-64\" srcset=\"https:\/\/siameses.es\/wp-content\/uploads\/2025\/03\/WhatsApp-Image-2025-03-28-at-08.11.19-1024x670.jpeg 1024w, https:\/\/siameses.es\/wp-content\/uploads\/2025\/03\/WhatsApp-Image-2025-03-28-at-08.11.19-300x196.jpeg 300w, https:\/\/siameses.es\/wp-content\/uploads\/2025\/03\/WhatsApp-Image-2025-03-28-at-08.11.19-768x503.jpeg 768w, https:\/\/siameses.es\/wp-content\/uploads\/2025\/03\/WhatsApp-Image-2025-03-28-at-08.11.19-1536x1005.jpeg 1536w, https:\/\/siameses.es\/wp-content\/uploads\/2025\/03\/WhatsApp-Image-2025-03-28-at-08.11.19.jpeg 1600w\" sizes=\"auto, (max-width: 1024px) 100vw, 1024px\" \/><\/figure>\n<\/div>\n\n\n\n<div class=\"wp-block-column is-layout-flow wp-block-column-is-layout-flow\">\n<figure class=\"wp-block-image size-large\"><img loading=\"lazy\" decoding=\"async\" width=\"1024\" height=\"753\" src=\"https:\/\/siameses.es\/wp-content\/uploads\/2025\/03\/WhatsApp-Image-2025-03-28-at-08.54.16-1024x753.jpeg\" alt=\"\" class=\"wp-image-65\" srcset=\"https:\/\/siameses.es\/wp-content\/uploads\/2025\/03\/WhatsApp-Image-2025-03-28-at-08.54.16-1024x753.jpeg 1024w, https:\/\/siameses.es\/wp-content\/uploads\/2025\/03\/WhatsApp-Image-2025-03-28-at-08.54.16-300x221.jpeg 300w, https:\/\/siameses.es\/wp-content\/uploads\/2025\/03\/WhatsApp-Image-2025-03-28-at-08.54.16-768x565.jpeg 768w, https:\/\/siameses.es\/wp-content\/uploads\/2025\/03\/WhatsApp-Image-2025-03-28-at-08.54.16-1536x1130.jpeg 1536w, https:\/\/siameses.es\/wp-content\/uploads\/2025\/03\/WhatsApp-Image-2025-03-28-at-08.54.16.jpeg 1600w\" sizes=\"auto, (max-width: 1024px) 100vw, 1024px\" \/><\/figure>\n<\/div>\n<\/div>\n\n\n\n<figure class=\"wp-block-image size-large\"><img loading=\"lazy\" decoding=\"async\" width=\"1024\" height=\"1024\" src=\"https:\/\/siameses.es\/wp-content\/uploads\/2025\/03\/Siameses-lonuestro-1024x1024.jpg\" alt=\"\" class=\"wp-image-10\" srcset=\"https:\/\/siameses.es\/wp-content\/uploads\/2025\/03\/Siameses-lonuestro-1024x1024.jpg 1024w, https:\/\/siameses.es\/wp-content\/uploads\/2025\/03\/Siameses-lonuestro-300x300.jpg 300w, https:\/\/siameses.es\/wp-content\/uploads\/2025\/03\/Siameses-lonuestro-150x150.jpg 150w, https:\/\/siameses.es\/wp-content\/uploads\/2025\/03\/Siameses-lonuestro-768x768.jpg 768w, https:\/\/siameses.es\/wp-content\/uploads\/2025\/03\/Siameses-lonuestro-1536x1536.jpg 1536w, https:\/\/siameses.es\/wp-content\/uploads\/2025\/03\/Siameses-lonuestro-2048x2048.jpg 2048w, https:\/\/siameses.es\/wp-content\/uploads\/2025\/03\/Siameses-lonuestro-960x960.jpg 960w, https:\/\/siameses.es\/wp-content\/uploads\/2025\/03\/Siameses-lonuestro-140x140.jpg 140w, https:\/\/siameses.es\/wp-content\/uploads\/2025\/03\/Siameses-lonuestro-50x50.jpg 50w, https:\/\/siameses.es\/wp-content\/uploads\/2025\/03\/Siameses-lonuestro-666x666.jpg 666w, https:\/\/siameses.es\/wp-content\/uploads\/2025\/03\/Siameses-lonuestro-80x80.jpg 80w\" sizes=\"auto, (max-width: 1024px) 100vw, 1024px\" \/><\/figure>\n","protected":false},"excerpt":{"rendered":"<p>P\u00c1GINA EN CONSTRUCCI\u00d3N Tienes nuestro disco en edici\u00f3n Digipack CD Deluxe 3 cuerpos con contenido exclusivo. Puedes conseguirlo en antoniosiameses@gmail.com<\/p>\n","protected":false},"author":1,"featured_media":0,"parent":0,"menu_order":0,"comment_status":"closed","ping_status":"closed","template":"templates\/full-width-page.php","meta":{"footnotes":""},"class_list":["post-18","page","type-page","status-publish","hentry"],"_links":{"self":[{"href":"https:\/\/siameses.es\/index.php\/wp-json\/wp\/v2\/pages\/18","targetHints":{"allow":["GET"]}}],"collection":[{"href":"https:\/\/siameses.es\/index.php\/wp-json\/wp\/v2\/pages"}],"about":[{"href":"https:\/\/siameses.es\/index.php\/wp-json\/wp\/v2\/types\/page"}],"author":[{"embeddable":true,"href":"https:\/\/siameses.es\/index.php\/wp-json\/wp\/v2\/users\/1"}],"replies":[{"embeddable":true,"href":"https:\/\/siameses.es\/index.php\/wp-json\/wp\/v2\/comments?post=18"}],"version-history":[{"count":5,"href":"https:\/\/siameses.es\/index.php\/wp-json\/wp\/v2\/pages\/18\/revisions"}],"predecessor-version":[{"id":66,"href":"https:\/\/siameses.es\/index.php\/wp-json\/wp\/v2\/pages\/18\/revisions\/66"}],"wp:attachment":[{"href":"https:\/\/siameses.es\/index.php\/wp-json\/wp\/v2\/media?parent=18"}],"curies":[{"name":"wp","href":"https:\/\/api.w.org\/{rel}","templated":true}]}}